{"id":136677,"date":"2023-09-12T13:24:12","date_gmt":"2023-09-12T11:24:12","guid":{"rendered":"https:\/\/www.wifo.ac.at\/?page_id=136677"},"modified":"2024-04-12T16:57:17","modified_gmt":"2024-04-12T14:57:17","slug":"wifo-industry-survey","status":"publish","type":"page","link":"https:\/\/www.wifo.ac.at\/en\/research\/thematic-platforms\/competitiveness\/wifo-industry-survey\/","title":{"rendered":"WIFO Industry Survey"},"content":{"rendered":"","protected":false},"excerpt":{"rendered":"","protected":false},"author":23,"featured_media":0,"parent":136660,"menu_order":2,"comment_status":"closed","ping_status":"closed","template":"","meta":{"_acf_changed":false,"footnotes":""},"class_list":["post-136677","page","type-page","status-publish","hentry"],"acf":[],"yoast_head":"<!-- This site is optimized with the Yoast SEO Premium plugin v26.5 (Yoast SEO v26.5) - https:\/\/yoast.com\/wordpress\/plugins\/seo\/ -->\n<title>WIFO Industry Survey - WIFO<\/title>\n<meta name=\"robots\" content=\"index, follow, max-snippet:-1, max-image-preview:large, max-video-preview:-1\" \/>\n<link rel=\"canonical\" href=\"https:\/\/www.wifo.ac.at\/en\/research\/thematic-platforms\/competitiveness\/wifo-industry-survey\/\" \/>\n<meta property=\"og:locale\" content=\"en_US\" \/>\n<meta property=\"og:type\" content=\"article\" \/>\n<meta property=\"og:title\" content=\"WIFO Industry Survey\" \/>\n<meta property=\"og:url\" content=\"https:\/\/www.wifo.ac.at\/en\/research\/thematic-platforms\/competitiveness\/wifo-industry-survey\/\" \/>\n<meta property=\"og:site_name\" content=\"WIFO\" \/>\n<meta property=\"article:publisher\" content=\"https:\/\/www.facebook.com\/WIFOat\/\" \/>\n<meta property=\"article:modified_time\" content=\"2024-04-12T14:57:17+00:00\" \/>\n<meta property=\"og:image\" content=\"https:\/\/www.wifo.ac.at\/wp-content\/uploads\/2024\/05\/WIFO-Gebaeude-FotoAlexanderMueller-www.alexandermueller.at-IMG_6326-Bearbeitet-1.jpg\" \/>\n\t<meta property=\"og:image:width\" content=\"1920\" \/>\n\t<meta property=\"og:image:height\" content=\"1280\" \/>\n\t<meta property=\"og:image:type\" content=\"image\/jpeg\" \/>\n<meta name=\"twitter:card\" content=\"summary_large_image\" \/>\n<meta name=\"twitter:site\" content=\"@WIFOat\" \/>\n<script type=\"application\/ld+json\" class=\"yoast-schema-graph\">{\"@context\":\"https:\/\/schema.org\",\"@graph\":[{\"@type\":\"WebPage\",\"@id\":\"https:\/\/www.wifo.ac.at\/en\/research\/thematic-platforms\/competitiveness\/wifo-industry-survey\/\",\"url\":\"https:\/\/www.wifo.ac.at\/en\/research\/thematic-platforms\/competitiveness\/wifo-industry-survey\/\",\"name\":\"WIFO Industry Survey - WIFO\",\"isPartOf\":{\"@id\":\"https:\/\/www.wifo.ac.at\/en\/#website\"},\"datePublished\":\"2023-09-12T11:24:12+00:00\",\"dateModified\":\"2024-04-12T14:57:17+00:00\",\"breadcrumb\":{\"@id\":\"https:\/\/www.wifo.ac.at\/en\/research\/thematic-platforms\/competitiveness\/wifo-industry-survey\/#breadcrumb\"},\"inLanguage\":\"en-US\",\"potentialAction\":[{\"@type\":\"ReadAction\",\"target\":[\"https:\/\/www.wifo.ac.at\/en\/research\/thematic-platforms\/competitiveness\/wifo-industry-survey\/\"]}]},{\"@type\":\"BreadcrumbList\",\"@id\":\"https:\/\/www.wifo.ac.at\/en\/research\/thematic-platforms\/competitiveness\/wifo-industry-survey\/#breadcrumb\",\"itemListElement\":[{\"@type\":\"ListItem\",\"position\":1,\"name\":\"Startseite\",\"item\":\"https:\/\/www.wifo.ac.at\/en\/\"},{\"@type\":\"ListItem\",\"position\":2,\"name\":\"Research\",\"item\":\"https:\/\/www.wifo.ac.at\/en\/research\/\"},{\"@type\":\"ListItem\",\"position\":3,\"name\":\"Thematic Platforms\",\"item\":\"https:\/\/www.wifo.ac.at\/en\/research\/thematic-platforms\/\"},{\"@type\":\"ListItem\",\"position\":4,\"name\":\"Competitiveness\",\"item\":\"https:\/\/www.wifo.ac.at\/en\/research\/thematic-platforms\/competitiveness\/\"},{\"@type\":\"ListItem\",\"position\":5,\"name\":\"WIFO Industry Survey\"}]},{\"@type\":\"WebSite\",\"@id\":\"https:\/\/www.wifo.ac.at\/en\/#website\",\"url\":\"https:\/\/www.wifo.ac.at\/en\/\",\"name\":\"\u00d6sterreichisches Institut f\u00fcr Wirtschaftsforschung\",\"description\":\"\",\"publisher\":{\"@id\":\"https:\/\/www.wifo.ac.at\/en\/#organization\"},\"alternateName\":\"WIFO\",\"potentialAction\":[{\"@type\":\"SearchAction\",\"target\":{\"@type\":\"EntryPoint\",\"urlTemplate\":\"https:\/\/www.wifo.ac.at\/en\/?s={search_term_string}\"},\"query-input\":{\"@type\":\"PropertyValueSpecification\",\"valueRequired\":true,\"valueName\":\"search_term_string\"}}],\"inLanguage\":\"en-US\"},{\"@type\":\"Organization\",\"@id\":\"https:\/\/www.wifo.ac.at\/en\/#organization\",\"name\":\"\u00d6sterreichisches Institut f\u00fcr Wirtschaftsforschung\",\"alternateName\":\"WIFO\",\"url\":\"https:\/\/www.wifo.ac.at\/en\/\",\"logo\":{\"@type\":\"ImageObject\",\"inLanguage\":\"en-US\",\"@id\":\"https:\/\/www.wifo.ac.at\/en\/#\/schema\/logo\/image\/\",\"url\":\"https:\/\/www.wifo.ac.at\/wp-content\/uploads\/2024\/05\/WIFO_kurz_rechts-2-1920x412.jpg\",\"contentUrl\":\"https:\/\/www.wifo.ac.at\/wp-content\/uploads\/2024\/05\/WIFO_kurz_rechts-2-1920x412.jpg\",\"width\":2000,\"height\":429,\"caption\":\"\u00d6sterreichisches Institut f\u00fcr Wirtschaftsforschung\"},\"image\":{\"@id\":\"https:\/\/www.wifo.ac.at\/en\/#\/schema\/logo\/image\/\"},\"sameAs\":[\"https:\/\/www.facebook.com\/WIFOat\/\",\"https:\/\/x.com\/WIFOat\",\"https:\/\/linkedin.com\/company\/wifoat\/\",\"https:\/\/www.youtube.com\/@WIFO_at\"],\"description\":\"Das WIFO, 1927 von Friedrich August von Hayek und Ludwig von Mises zur Konjunkturanalyse gegr\u00fcndet, ist heute das f\u00fchrende Institut f\u00fcr angewandte empirische Wirtschaftsforschung in \u00d6sterreich mit starkem Engagement auf europ\u00e4ischer Ebene.\",\"email\":\"office@wifo.ac.at\",\"telephone\":\"+43 1 798 26 01 \u2013 0\",\"legalName\":\"\u00d6sterreichisches Institut f\u00fcr Wirtschaftsforschung\",\"foundingDate\":\"1927-01-02\",\"numberOfEmployees\":{\"@type\":\"QuantitativeValue\",\"minValue\":\"51\",\"maxValue\":\"200\"},\"publishingPrinciples\":\"https:\/\/www.wifo.ac.at\/institut\/mission-und-strategie\/\",\"ownershipFundingInfo\":\"https:\/\/www.wifo.ac.at\/institut\/organisation\/\",\"actionableFeedbackPolicy\":\"https:\/\/www.wifo.ac.at\/aktuelles\/presse\/\",\"correctionsPolicy\":\"https:\/\/www.wifo.ac.at\/institut\/kontakt\/\",\"ethicsPolicy\":\"https:\/\/www.wifo.ac.at\/institut\/evidenzbasierung-transparenz-und-unabhaengigkeit\/\",\"diversityPolicy\":\"https:\/\/www.wifo.ac.at\/institut\/gleichstellung\/\",\"diversityStaffingReport\":\"https:\/\/www.wifo.ac.at\/institut\/gleichstellung\/\"}]}<\/script>\n<!-- \/ Yoast SEO Premium plugin. -->","yoast_head_json":{"title":"WIFO Industry Survey - WIFO","robots":{"index":"index","follow":"follow","max-snippet":"max-snippet:-1","max-image-preview":"max-image-preview:large","max-video-preview":"max-video-preview:-1"},"canonical":"https:\/\/www.wifo.ac.at\/en\/research\/thematic-platforms\/competitiveness\/wifo-industry-survey\/","og_locale":"en_US","og_type":"article","og_title":"WIFO Industry Survey","og_url":"https:\/\/www.wifo.ac.at\/en\/research\/thematic-platforms\/competitiveness\/wifo-industry-survey\/","og_site_name":"WIFO","article_publisher":"https:\/\/www.facebook.com\/WIFOat\/","article_modified_time":"2024-04-12T14:57:17+00:00","og_image":[{"width":1920,"height":1280,"url":"https:\/\/www.wifo.ac.at\/wp-content\/uploads\/2024\/05\/WIFO-Gebaeude-FotoAlexanderMueller-www.alexandermueller.at-IMG_6326-Bearbeitet-1.jpg","type":"image\/jpeg"}],"twitter_card":"summary_large_image","twitter_site":"@WIFOat","schema":{"@context":"https:\/\/schema.org","@graph":[{"@type":"WebPage","@id":"https:\/\/www.wifo.ac.at\/en\/research\/thematic-platforms\/competitiveness\/wifo-industry-survey\/","url":"https:\/\/www.wifo.ac.at\/en\/research\/thematic-platforms\/competitiveness\/wifo-industry-survey\/","name":"WIFO Industry Survey - WIFO","isPartOf":{"@id":"https:\/\/www.wifo.ac.at\/en\/#website"},"datePublished":"2023-09-12T11:24:12+00:00","dateModified":"2024-04-12T14:57:17+00:00","breadcrumb":{"@id":"https:\/\/www.wifo.ac.at\/en\/research\/thematic-platforms\/competitiveness\/wifo-industry-survey\/#breadcrumb"},"inLanguage":"en-US","potentialAction":[{"@type":"ReadAction","target":["https:\/\/www.wifo.ac.at\/en\/research\/thematic-platforms\/competitiveness\/wifo-industry-survey\/"]}]},{"@type":"BreadcrumbList","@id":"https:\/\/www.wifo.ac.at\/en\/research\/thematic-platforms\/competitiveness\/wifo-industry-survey\/#breadcrumb","itemListElement":[{"@type":"ListItem","position":1,"name":"Startseite","item":"https:\/\/www.wifo.ac.at\/en\/"},{"@type":"ListItem","position":2,"name":"Research","item":"https:\/\/www.wifo.ac.at\/en\/research\/"},{"@type":"ListItem","position":3,"name":"Thematic Platforms","item":"https:\/\/www.wifo.ac.at\/en\/research\/thematic-platforms\/"},{"@type":"ListItem","position":4,"name":"Competitiveness","item":"https:\/\/www.wifo.ac.at\/en\/research\/thematic-platforms\/competitiveness\/"},{"@type":"ListItem","position":5,"name":"WIFO Industry Survey"}]},{"@type":"WebSite","@id":"https:\/\/www.wifo.ac.at\/en\/#website","url":"https:\/\/www.wifo.ac.at\/en\/","name":"\u00d6sterreichisches Institut f\u00fcr Wirtschaftsforschung","description":"","publisher":{"@id":"https:\/\/www.wifo.ac.at\/en\/#organization"},"alternateName":"WIFO","potentialAction":[{"@type":"SearchAction","target":{"@type":"EntryPoint","urlTemplate":"https:\/\/www.wifo.ac.at\/en\/?s={search_term_string}"},"query-input":{"@type":"PropertyValueSpecification","valueRequired":true,"valueName":"search_term_string"}}],"inLanguage":"en-US"},{"@type":"Organization","@id":"https:\/\/www.wifo.ac.at\/en\/#organization","name":"\u00d6sterreichisches Institut f\u00fcr Wirtschaftsforschung","alternateName":"WIFO","url":"https:\/\/www.wifo.ac.at\/en\/","logo":{"@type":"ImageObject","inLanguage":"en-US","@id":"https:\/\/www.wifo.ac.at\/en\/#\/schema\/logo\/image\/","url":"https:\/\/www.wifo.ac.at\/wp-content\/uploads\/2024\/05\/WIFO_kurz_rechts-2-1920x412.jpg","contentUrl":"https:\/\/www.wifo.ac.at\/wp-content\/uploads\/2024\/05\/WIFO_kurz_rechts-2-1920x412.jpg","width":2000,"height":429,"caption":"\u00d6sterreichisches Institut f\u00fcr Wirtschaftsforschung"},"image":{"@id":"https:\/\/www.wifo.ac.at\/en\/#\/schema\/logo\/image\/"},"sameAs":["https:\/\/www.facebook.com\/WIFOat\/","https:\/\/x.com\/WIFOat","https:\/\/linkedin.com\/company\/wifoat\/","https:\/\/www.youtube.com\/@WIFO_at"],"description":"Das WIFO, 1927 von Friedrich August von Hayek und Ludwig von Mises zur Konjunkturanalyse gegr\u00fcndet, ist heute das f\u00fchrende Institut f\u00fcr angewandte empirische Wirtschaftsforschung in \u00d6sterreich mit starkem Engagement auf europ\u00e4ischer Ebene.","email":"office@wifo.ac.at","telephone":"+43 1 798 26 01 \u2013 0","legalName":"\u00d6sterreichisches Institut f\u00fcr Wirtschaftsforschung","foundingDate":"1927-01-02","numberOfEmployees":{"@type":"QuantitativeValue","minValue":"51","maxValue":"200"},"publishingPrinciples":"https:\/\/www.wifo.ac.at\/institut\/mission-und-strategie\/","ownershipFundingInfo":"https:\/\/www.wifo.ac.at\/institut\/organisation\/","actionableFeedbackPolicy":"https:\/\/www.wifo.ac.at\/aktuelles\/presse\/","correctionsPolicy":"https:\/\/www.wifo.ac.at\/institut\/kontakt\/","ethicsPolicy":"https:\/\/www.wifo.ac.at\/institut\/evidenzbasierung-transparenz-und-unabhaengigkeit\/","diversityPolicy":"https:\/\/www.wifo.ac.at\/institut\/gleichstellung\/","diversityStaffingReport":"https:\/\/www.wifo.ac.at\/institut\/gleichstellung\/"}]}},"_links":{"self":[{"href":"https:\/\/www.wifo.ac.at\/en\/wp-json\/wp\/v2\/pages\/136677","targetHints":{"allow":["GET"]}}],"collection":[{"href":"https:\/\/www.wifo.ac.at\/en\/wp-json\/wp\/v2\/pages"}],"about":[{"href":"https:\/\/www.wifo.ac.at\/en\/wp-json\/wp\/v2\/types\/page"}],"author":[{"embeddable":true,"href":"https:\/\/www.wifo.ac.at\/en\/wp-json\/wp\/v2\/users\/23"}],"replies":[{"embeddable":true,"href":"https:\/\/www.wifo.ac.at\/en\/wp-json\/wp\/v2\/comments?post=136677"}],"version-history":[{"count":3,"href":"https:\/\/www.wifo.ac.at\/en\/wp-json\/wp\/v2\/pages\/136677\/revisions"}],"predecessor-version":[{"id":218492,"href":"https:\/\/www.wifo.ac.at\/en\/wp-json\/wp\/v2\/pages\/136677\/revisions\/218492"}],"up":[{"embeddable":true,"href":"https:\/\/www.wifo.ac.at\/en\/wp-json\/wp\/v2\/pages\/136660"}],"wp:attachment":[{"href":"https:\/\/www.wifo.ac.at\/en\/wp-json\/wp\/v2\/media?parent=136677"}],"curies":[{"name":"wp","href":"https:\/\/api.w.org\/{rel}","templated":true}]}}